{"id":14075,"date":"2025-11-17T16:37:39","date_gmt":"2025-11-17T16:37:39","guid":{"rendered":"https:\/\/picardmarine.ca\/produit\/produit-50\/"},"modified":"2025-12-15T18:35:53","modified_gmt":"2025-12-15T18:35:53","slug":"produit-50","status":"publish","type":"product","link":"https:\/\/picardmarine.ca\/en\/produit\/produit-50\/","title":{"rendered":"Princecraft Bateaux pontes Ventura 224 2026"},"content":{"rendered":"","protected":false},"excerpt":{"rendered":"<p>Longueur hors tout : 6.8 m (22\u2019-2\u201d) <br \/>  Largeur hors tout : 2.5 m (97\u201d) <br \/>  Largeur fond : <br \/>2.1 m (83&#8243;) <br \/>  Profondeur maximale : 0.8 m (32&#8243;) <br \/>  Tirant d&#8217;eau approximatif : 0.3 (12&#8243;) <br \/>  Tirant d&#8217;eau <br \/>approximatif (avec moteur) : 0.8 m (31&#8243;) <br \/>  Hauteur tableau arri\u00e8re : 0.64 m (25&#8243;) <br \/>  Poids approximatif : <br \/>1021 kg (2250 lb) <br \/>  Relev\u00e9 de varangue (degr\u00e9s) : 13<\/p>\n","protected":false},"featured_media":23147,"template":"","meta":[],"product_brand":[],"product_cat":[67],"product_tag":[],"class_list":{"0":"post-14075","1":"product","2":"type-product","3":"status-publish","4":"has-post-thumbnail","6":"product_cat-phpr_23_fr","8":"first","9":"onbackorder","10":"shipping-taxable","11":"purchasable","12":"product-type-simple"},"yoast_head":"<!-- This site is optimized with the Yoast SEO plugin v26.8 - https:\/\/yoast.com\/product\/yoast-seo-wordpress\/ -->\n<title>Princecraft Bateaux pontes Ventura 224 2026 - Picard Marine<\/title>\n<meta name=\"description\" content=\"Princecraft Bateaux pontes Ventura 224 2026 Longueur hors tout : 6.8 m (22\u2019-2\u201d)  Largeur hors tout : 2.5 m (97\u201d)  Largeur fond : 2.1 m (83&quot;)  Profondeur maximale : 0.8 m (32&quot;)  Tirant d&#039;eau approximatif : 0.3 (12&quot;)  Tirant d&#039;eau approximatif (avec moteur) : 0.8 m (31&quot;)  Hauteur tableau arri\u00e8re : 0.64 m (25&quot;)  Poids approximatif : 1021 kg (2250 lb)  Relev\u00e9 de varangue (degr\u00e9s) : 13\" \/>\n<meta name=\"robots\" content=\"index, follow, max-snippet:-1, max-image-preview:large, max-video-preview:-1\" \/>\n<link rel=\"canonical\" href=\"https:\/\/picardmarine.ca\/produit\/produit-50\/\" \/>\n<meta property=\"og:locale\" content=\"en_US\" \/>\n<meta property=\"og:type\" content=\"article\" \/>\n<meta property=\"og:title\" content=\"Princecraft Bateaux pontes Ventura 224 2026 - Picard Marine\" \/>\n<meta property=\"og:description\" content=\"Princecraft Bateaux pontes Ventura 224 2026 Longueur hors tout : 6.8 m (22\u2019-2\u201d)  Largeur hors tout : 2.5 m (97\u201d)  Largeur fond : 2.1 m (83&quot;)  Profondeur maximale : 0.8 m (32&quot;)  Tirant d&#039;eau approximatif : 0.3 (12&quot;)  Tirant d&#039;eau approximatif (avec moteur) : 0.8 m (31&quot;)  Hauteur tableau arri\u00e8re : 0.64 m (25&quot;)  Poids approximatif : 1021 kg (2250 lb)  Relev\u00e9 de varangue (degr\u00e9s) : 13\" \/>\n<meta property=\"og:url\" content=\"https:\/\/picardmarine.ca\/produit\/produit-50\/\" \/>\n<meta property=\"og:site_name\" content=\"Picard Marine\" \/>\n<meta property=\"article:publisher\" content=\"https:\/\/www.facebook.com\/picardmarine1\" \/>\n<meta property=\"article:modified_time\" content=\"2025-12-15T18:35:53+00:00\" \/>\n<meta property=\"og:image\" content=\"https:\/\/picardmarine.ca\/wp-content\/uploads\/2025\/11\/691b1083357b21.12711563_princecraft-bateaux-pontes-ventura-224-2026-2.jpeg\" \/>\n\t<meta property=\"og:image:width\" content=\"1216\" \/>\n\t<meta property=\"og:image:height\" content=\"684\" \/>\n\t<meta property=\"og:image:type\" content=\"image\/jpeg\" \/>\n<meta name=\"twitter:card\" content=\"summary_large_image\" \/>\n<script type=\"application\/ld+json\" class=\"yoast-schema-graph\">{\"@context\":\"https:\/\/schema.org\",\"@graph\":[{\"@type\":\"WebPage\",\"@id\":\"https:\/\/picardmarine.ca\/produit\/produit-50\/\",\"url\":\"https:\/\/picardmarine.ca\/produit\/produit-50\/\",\"name\":\"Princecraft Bateaux pontes Ventura 224 2026 - Picard Marine\",\"isPartOf\":{\"@id\":\"https:\/\/picardmarine.ca\/#website\"},\"primaryImageOfPage\":{\"@id\":\"https:\/\/picardmarine.ca\/produit\/produit-50\/#primaryimage\"},\"image\":{\"@id\":\"https:\/\/picardmarine.ca\/produit\/produit-50\/#primaryimage\"},\"thumbnailUrl\":\"https:\/\/picardmarine.ca\/wp-content\/uploads\/2025\/12\/691b1083357b21.12711563_princecraft-bateaux-pontes-ventura-224-2026.jpeg\",\"datePublished\":\"2025-11-17T16:37:39+00:00\",\"dateModified\":\"2025-12-15T18:35:53+00:00\",\"description\":\"Princecraft Bateaux pontes Ventura 224 2026 Longueur hors tout : 6.8 m (22\u2019-2\u201d) Largeur hors tout : 2.5 m (97\u201d) Largeur fond : 2.1 m (83\\\") Profondeur maximale : 0.8 m (32\\\") Tirant d'eau approximatif : 0.3 (12\\\") Tirant d'eau approximatif (avec moteur) : 0.8 m (31\\\") Hauteur tableau arri\u00e8re : 0.64 m (25\\\") Poids approximatif : 1021 kg (2250 lb) Relev\u00e9 de varangue (degr\u00e9s) : 13\",\"breadcrumb\":{\"@id\":\"https:\/\/picardmarine.ca\/produit\/produit-50\/#breadcrumb\"},\"inLanguage\":\"en-US\",\"potentialAction\":[{\"@type\":\"ReadAction\",\"target\":[\"https:\/\/picardmarine.ca\/produit\/produit-50\/\"]}]},{\"@type\":\"ImageObject\",\"inLanguage\":\"en-US\",\"@id\":\"https:\/\/picardmarine.ca\/produit\/produit-50\/#primaryimage\",\"url\":\"https:\/\/picardmarine.ca\/wp-content\/uploads\/2025\/12\/691b1083357b21.12711563_princecraft-bateaux-pontes-ventura-224-2026.jpeg\",\"contentUrl\":\"https:\/\/picardmarine.ca\/wp-content\/uploads\/2025\/12\/691b1083357b21.12711563_princecraft-bateaux-pontes-ventura-224-2026.jpeg\",\"width\":1216,\"height\":684},{\"@type\":\"BreadcrumbList\",\"@id\":\"https:\/\/picardmarine.ca\/produit\/produit-50\/#breadcrumb\",\"itemListElement\":[{\"@type\":\"ListItem\",\"position\":1,\"name\":\"Home\",\"item\":\"https:\/\/picardmarine.ca\/\"},{\"@type\":\"ListItem\",\"position\":2,\"name\":\"Our products\",\"item\":\"https:\/\/picardmarine.ca\/en\/products\/\"},{\"@type\":\"ListItem\",\"position\":3,\"name\":\"Princecraft Bateaux pontes Ventura 224 2026\"}]},{\"@type\":\"WebSite\",\"@id\":\"https:\/\/picardmarine.ca\/#website\",\"url\":\"https:\/\/picardmarine.ca\/\",\"name\":\"Picard Marine\",\"description\":\"\",\"publisher\":{\"@id\":\"https:\/\/picardmarine.ca\/#organization\"},\"potentialAction\":[{\"@type\":\"SearchAction\",\"target\":{\"@type\":\"EntryPoint\",\"urlTemplate\":\"https:\/\/picardmarine.ca\/?s={search_term_string}\"},\"query-input\":{\"@type\":\"PropertyValueSpecification\",\"valueRequired\":true,\"valueName\":\"search_term_string\"}}],\"inLanguage\":\"en-US\"},{\"@type\":\"Organization\",\"@id\":\"https:\/\/picardmarine.ca\/#organization\",\"name\":\"Picard Marine\",\"url\":\"https:\/\/picardmarine.ca\/\",\"logo\":{\"@type\":\"ImageObject\",\"inLanguage\":\"en-US\",\"@id\":\"https:\/\/picardmarine.ca\/#\/schema\/logo\/image\/\",\"url\":\"https:\/\/picardmarine.ca\/wp-content\/uploads\/2024\/09\/Sans-titre-36.png\",\"contentUrl\":\"https:\/\/picardmarine.ca\/wp-content\/uploads\/2024\/09\/Sans-titre-36.png\",\"width\":500,\"height\":300,\"caption\":\"Picard Marine\"},\"image\":{\"@id\":\"https:\/\/picardmarine.ca\/#\/schema\/logo\/image\/\"},\"sameAs\":[\"https:\/\/www.facebook.com\/picardmarine1\",\"https:\/\/www.instagram.com\/picardmarinepicard\/\"]}]}<\/script>\n<!-- \/ Yoast SEO plugin. -->","yoast_head_json":{"title":"Princecraft Bateaux pontes Ventura 224 2026 - Picard Marine","description":"Princecraft Bateaux pontes Ventura 224 2026 Longueur hors tout : 6.8 m (22\u2019-2\u201d)  Largeur hors tout : 2.5 m (97\u201d)  Largeur fond : 2.1 m (83\")  Profondeur maximale : 0.8 m (32\")  Tirant d'eau approximatif : 0.3 (12\")  Tirant d'eau approximatif (avec moteur) : 0.8 m (31\")  Hauteur tableau arri\u00e8re : 0.64 m (25\")  Poids approximatif : 1021 kg (2250 lb)  Relev\u00e9 de varangue (degr\u00e9s) : 13","robots":{"index":"index","follow":"follow","max-snippet":"max-snippet:-1","max-image-preview":"max-image-preview:large","max-video-preview":"max-video-preview:-1"},"canonical":"https:\/\/picardmarine.ca\/produit\/produit-50\/","og_locale":"en_US","og_type":"article","og_title":"Princecraft Bateaux pontes Ventura 224 2026 - Picard Marine","og_description":"Princecraft Bateaux pontes Ventura 224 2026 Longueur hors tout : 6.8 m (22\u2019-2\u201d)  Largeur hors tout : 2.5 m (97\u201d)  Largeur fond : 2.1 m (83\")  Profondeur maximale : 0.8 m (32\")  Tirant d'eau approximatif : 0.3 (12\")  Tirant d'eau approximatif (avec moteur) : 0.8 m (31\")  Hauteur tableau arri\u00e8re : 0.64 m (25\")  Poids approximatif : 1021 kg (2250 lb)  Relev\u00e9 de varangue (degr\u00e9s) : 13","og_url":"https:\/\/picardmarine.ca\/produit\/produit-50\/","og_site_name":"Picard Marine","article_publisher":"https:\/\/www.facebook.com\/picardmarine1","article_modified_time":"2025-12-15T18:35:53+00:00","og_image":[{"width":1216,"height":684,"url":"https:\/\/picardmarine.ca\/wp-content\/uploads\/2025\/11\/691b1083357b21.12711563_princecraft-bateaux-pontes-ventura-224-2026-2.jpeg","type":"image\/jpeg"}],"twitter_card":"summary_large_image","schema":{"@context":"https:\/\/schema.org","@graph":[{"@type":"WebPage","@id":"https:\/\/picardmarine.ca\/produit\/produit-50\/","url":"https:\/\/picardmarine.ca\/produit\/produit-50\/","name":"Princecraft Bateaux pontes Ventura 224 2026 - Picard Marine","isPartOf":{"@id":"https:\/\/picardmarine.ca\/#website"},"primaryImageOfPage":{"@id":"https:\/\/picardmarine.ca\/produit\/produit-50\/#primaryimage"},"image":{"@id":"https:\/\/picardmarine.ca\/produit\/produit-50\/#primaryimage"},"thumbnailUrl":"https:\/\/picardmarine.ca\/wp-content\/uploads\/2025\/12\/691b1083357b21.12711563_princecraft-bateaux-pontes-ventura-224-2026.jpeg","datePublished":"2025-11-17T16:37:39+00:00","dateModified":"2025-12-15T18:35:53+00:00","description":"Princecraft Bateaux pontes Ventura 224 2026 Longueur hors tout : 6.8 m (22\u2019-2\u201d) Largeur hors tout : 2.5 m (97\u201d) Largeur fond : 2.1 m (83\") Profondeur maximale : 0.8 m (32\") Tirant d'eau approximatif : 0.3 (12\") Tirant d'eau approximatif (avec moteur) : 0.8 m (31\") Hauteur tableau arri\u00e8re : 0.64 m (25\") Poids approximatif : 1021 kg (2250 lb) Relev\u00e9 de varangue (degr\u00e9s) : 13","breadcrumb":{"@id":"https:\/\/picardmarine.ca\/produit\/produit-50\/#breadcrumb"},"inLanguage":"en-US","potentialAction":[{"@type":"ReadAction","target":["https:\/\/picardmarine.ca\/produit\/produit-50\/"]}]},{"@type":"ImageObject","inLanguage":"en-US","@id":"https:\/\/picardmarine.ca\/produit\/produit-50\/#primaryimage","url":"https:\/\/picardmarine.ca\/wp-content\/uploads\/2025\/12\/691b1083357b21.12711563_princecraft-bateaux-pontes-ventura-224-2026.jpeg","contentUrl":"https:\/\/picardmarine.ca\/wp-content\/uploads\/2025\/12\/691b1083357b21.12711563_princecraft-bateaux-pontes-ventura-224-2026.jpeg","width":1216,"height":684},{"@type":"BreadcrumbList","@id":"https:\/\/picardmarine.ca\/produit\/produit-50\/#breadcrumb","itemListElement":[{"@type":"ListItem","position":1,"name":"Home","item":"https:\/\/picardmarine.ca\/"},{"@type":"ListItem","position":2,"name":"Our products","item":"https:\/\/picardmarine.ca\/en\/products\/"},{"@type":"ListItem","position":3,"name":"Princecraft Bateaux pontes Ventura 224 2026"}]},{"@type":"WebSite","@id":"https:\/\/picardmarine.ca\/#website","url":"https:\/\/picardmarine.ca\/","name":"Picard Marine","description":"","publisher":{"@id":"https:\/\/picardmarine.ca\/#organization"},"potentialAction":[{"@type":"SearchAction","target":{"@type":"EntryPoint","urlTemplate":"https:\/\/picardmarine.ca\/?s={search_term_string}"},"query-input":{"@type":"PropertyValueSpecification","valueRequired":true,"valueName":"search_term_string"}}],"inLanguage":"en-US"},{"@type":"Organization","@id":"https:\/\/picardmarine.ca\/#organization","name":"Picard Marine","url":"https:\/\/picardmarine.ca\/","logo":{"@type":"ImageObject","inLanguage":"en-US","@id":"https:\/\/picardmarine.ca\/#\/schema\/logo\/image\/","url":"https:\/\/picardmarine.ca\/wp-content\/uploads\/2024\/09\/Sans-titre-36.png","contentUrl":"https:\/\/picardmarine.ca\/wp-content\/uploads\/2024\/09\/Sans-titre-36.png","width":500,"height":300,"caption":"Picard Marine"},"image":{"@id":"https:\/\/picardmarine.ca\/#\/schema\/logo\/image\/"},"sameAs":["https:\/\/www.facebook.com\/picardmarine1","https:\/\/www.instagram.com\/picardmarinepicard\/"]}]}},"_links":{"self":[{"href":"https:\/\/picardmarine.ca\/en\/wp-json\/wp\/v2\/product\/14075","targetHints":{"allow":["GET"]}}],"collection":[{"href":"https:\/\/picardmarine.ca\/en\/wp-json\/wp\/v2\/product"}],"about":[{"href":"https:\/\/picardmarine.ca\/en\/wp-json\/wp\/v2\/types\/product"}],"wp:featuredmedia":[{"embeddable":true,"href":"https:\/\/picardmarine.ca\/en\/wp-json\/wp\/v2\/media\/23147"}],"wp:attachment":[{"href":"https:\/\/picardmarine.ca\/en\/wp-json\/wp\/v2\/media?parent=14075"}],"wp:term":[{"taxonomy":"product_brand","embeddable":true,"href":"https:\/\/picardmarine.ca\/en\/wp-json\/wp\/v2\/product_brand?post=14075"},{"taxonomy":"product_cat","embeddable":true,"href":"https:\/\/picardmarine.ca\/en\/wp-json\/wp\/v2\/product_cat?post=14075"},{"taxonomy":"product_tag","embeddable":true,"href":"https:\/\/picardmarine.ca\/en\/wp-json\/wp\/v2\/product_tag?post=14075"}],"curies":[{"name":"wp","href":"https:\/\/api.w.org\/{rel}","templated":true}]}}