{"id":24798,"date":"2025-07-09T21:47:08","date_gmt":"2025-07-09T21:47:08","guid":{"rendered":"https:\/\/picardmarine.ca\/produit\/elevateur-a-bateau-gm-984\/"},"modified":"2026-04-07T02:47:15","modified_gmt":"2026-04-07T02:47:15","slug":"elevateur-a-bateau-gm-984","status":"publish","type":"product","link":"https:\/\/picardmarine.ca\/en\/produit\/elevateur-a-bateau-gm-984\/","title":{"rendered":"\u00c9l\u00e9vateur \u00e0 bateau GM 984"},"content":{"rendered":"","protected":false},"excerpt":{"rendered":"<p><span style=\"color: #626262\">-Mod&egrave;le : Cantilever<\/span><br style=\"background-repeat: no-repeat;color: #626262\" \/><br style=\"background-repeat: no-repeat;color: #626262\" \/><span style=\"color: #626262\">-Capacit&eacute; : 900 livres (545 kg)<\/span><br style=\"background-repeat: no-repeat;color: #626262\" \/><br style=\"background-repeat: no-repeat;color: #626262\" \/><span style=\"color: #626262\">-Largeur : 84&#8243; (2134 mm)<\/span><br style=\"background-repeat: no-repeat;color: #626262\" \/><br style=\"background-repeat: no-repeat;color: #626262\" \/><span style=\"color: #626262\">-Poids : 160 livres (75 kg)<\/p>\n<p><\/span>-Lev&eacute;e : 36&#8243; (914 mm)<br \/><br style=\"background-repeat: no-repeat;color: #626262\" \/><span style=\"color: #626262\">-Type : Bateau de 12&#8242; &agrave; 16&#8242;<\/span><br style=\"background-repeat: no-repeat;color: #626262\" \/><br style=\"background-repeat: no-repeat;color: #626262\" \/><span style=\"color: #626262\">-Lit central en aluminium&nbsp;<\/span><br style=\"background-repeat: no-repeat;color: #626262\" \/><br style=\"background-repeat: no-repeat;color: #626262\" \/><span style=\"color: #626262\">-Longueur des pattes : 28&#8243; (711 mm)<\/span><\/p>\n","protected":false},"featured_media":24797,"template":"","meta":[],"product_brand":[],"product_cat":[113],"product_tag":[],"class_list":{"0":"post-24798","1":"product","2":"type-product","3":"status-publish","4":"has-post-thumbnail","6":"product_cat-phpr_21_en","7":"pa_disponibilite-en-inventaire","9":"first","10":"onbackorder","11":"shipping-taxable","12":"purchasable","13":"product-type-simple"},"yoast_head":"<!-- This site is optimized with the Yoast SEO plugin v26.8 - https:\/\/yoast.com\/product\/yoast-seo-wordpress\/ -->\n<title>\u00c9l\u00e9vateur \u00e0 bateau GM 984 - Picard Marine<\/title>\n<meta name=\"description\" content=\"\u00c9l\u00e9vateur \u00e0 bateau GM 984 -Mod&egrave;le : Cantilever-Capacit&eacute; : 900 livres (545 kg)-Largeur : 84&quot; (2134 mm)-Poids : 160 livres (75 kg)-Lev&eacute;e : 36&quot; (914 mm)-Type : Bateau de 12&#039; &agrave; 16&#039;-Lit central en aluminium&nbsp;-Longueur des pattes : 28&quot; (711 mm)\" \/>\n<meta name=\"robots\" content=\"index, follow, max-snippet:-1, max-image-preview:large, max-video-preview:-1\" \/>\n<link rel=\"canonical\" href=\"https:\/\/picardmarine.ca\/en\/produit\/elevateur-a-bateau-gm-984\/\" \/>\n<meta property=\"og:locale\" content=\"en_US\" \/>\n<meta property=\"og:type\" content=\"article\" \/>\n<meta property=\"og:title\" content=\"\u00c9l\u00e9vateur \u00e0 bateau GM 984 - Picard Marine\" \/>\n<meta property=\"og:description\" content=\"\u00c9l\u00e9vateur \u00e0 bateau GM 984 -Mod&egrave;le : Cantilever-Capacit&eacute; : 900 livres (545 kg)-Largeur : 84&quot; (2134 mm)-Poids : 160 livres (75 kg)-Lev&eacute;e : 36&quot; (914 mm)-Type : Bateau de 12&#039; &agrave; 16&#039;-Lit central en aluminium&nbsp;-Longueur des pattes : 28&quot; (711 mm)\" \/>\n<meta property=\"og:url\" content=\"https:\/\/picardmarine.ca\/en\/produit\/elevateur-a-bateau-gm-984\/\" \/>\n<meta property=\"og:site_name\" content=\"Picard Marine\" \/>\n<meta property=\"article:publisher\" content=\"https:\/\/www.facebook.com\/picardmarine1\" \/>\n<meta property=\"article:modified_time\" content=\"2026-04-07T02:47:15+00:00\" \/>\n<meta name=\"twitter:card\" content=\"summary_large_image\" \/>\n<script type=\"application\/ld+json\" class=\"yoast-schema-graph\">{\"@context\":\"https:\/\/schema.org\",\"@graph\":[{\"@type\":\"WebPage\",\"@id\":\"https:\/\/picardmarine.ca\/en\/produit\/elevateur-a-bateau-gm-984\/\",\"url\":\"https:\/\/picardmarine.ca\/en\/produit\/elevateur-a-bateau-gm-984\/\",\"name\":\"\u00c9l\u00e9vateur \u00e0 bateau GM 984 - Picard Marine\",\"isPartOf\":{\"@id\":\"https:\/\/picardmarine.ca\/#website\"},\"primaryImageOfPage\":{\"@id\":\"https:\/\/picardmarine.ca\/en\/produit\/elevateur-a-bateau-gm-984\/#primaryimage\"},\"image\":{\"@id\":\"https:\/\/picardmarine.ca\/en\/produit\/elevateur-a-bateau-gm-984\/#primaryimage\"},\"thumbnailUrl\":\"https:\/\/picardmarine.ca\/wp-content\/uploads\/2026\/04\/68c3176bc8ad7_GM-984-1024x972-1-2-800x448-1.jpg\",\"datePublished\":\"2025-07-09T21:47:08+00:00\",\"dateModified\":\"2026-04-07T02:47:15+00:00\",\"description\":\"\u00c9l\u00e9vateur \u00e0 bateau GM 984 -Mod&egrave;le : Cantilever-Capacit&eacute; : 900 livres (545 kg)-Largeur : 84\\\" (2134 mm)-Poids : 160 livres (75 kg)-Lev&eacute;e : 36\\\" (914 mm)-Type : Bateau de 12' &agrave; 16'-Lit central en aluminium&nbsp;-Longueur des pattes : 28\\\" (711 mm)\",\"breadcrumb\":{\"@id\":\"https:\/\/picardmarine.ca\/en\/produit\/elevateur-a-bateau-gm-984\/#breadcrumb\"},\"inLanguage\":\"en-US\",\"potentialAction\":[{\"@type\":\"ReadAction\",\"target\":[\"https:\/\/picardmarine.ca\/en\/produit\/elevateur-a-bateau-gm-984\/\"]}]},{\"@type\":\"ImageObject\",\"inLanguage\":\"en-US\",\"@id\":\"https:\/\/picardmarine.ca\/en\/produit\/elevateur-a-bateau-gm-984\/#primaryimage\",\"url\":\"https:\/\/picardmarine.ca\/wp-content\/uploads\/2026\/04\/68c3176bc8ad7_GM-984-1024x972-1-2-800x448-1.jpg\",\"contentUrl\":\"https:\/\/picardmarine.ca\/wp-content\/uploads\/2026\/04\/68c3176bc8ad7_GM-984-1024x972-1-2-800x448-1.jpg\",\"width\":800,\"height\":448},{\"@type\":\"BreadcrumbList\",\"@id\":\"https:\/\/picardmarine.ca\/en\/produit\/elevateur-a-bateau-gm-984\/#breadcrumb\",\"itemListElement\":[{\"@type\":\"ListItem\",\"position\":1,\"name\":\"Home\",\"item\":\"https:\/\/picardmarine.ca\/\"},{\"@type\":\"ListItem\",\"position\":2,\"name\":\"Our products\",\"item\":\"https:\/\/picardmarine.ca\/en\/products\/\"},{\"@type\":\"ListItem\",\"position\":3,\"name\":\"\u00c9l\u00e9vateur \u00e0 bateau GM 984\"}]},{\"@type\":\"WebSite\",\"@id\":\"https:\/\/picardmarine.ca\/#website\",\"url\":\"https:\/\/picardmarine.ca\/\",\"name\":\"Picard Marine\",\"description\":\"\",\"publisher\":{\"@id\":\"https:\/\/picardmarine.ca\/#organization\"},\"potentialAction\":[{\"@type\":\"SearchAction\",\"target\":{\"@type\":\"EntryPoint\",\"urlTemplate\":\"https:\/\/picardmarine.ca\/?s={search_term_string}\"},\"query-input\":{\"@type\":\"PropertyValueSpecification\",\"valueRequired\":true,\"valueName\":\"search_term_string\"}}],\"inLanguage\":\"en-US\"},{\"@type\":\"Organization\",\"@id\":\"https:\/\/picardmarine.ca\/#organization\",\"name\":\"Picard Marine\",\"url\":\"https:\/\/picardmarine.ca\/\",\"logo\":{\"@type\":\"ImageObject\",\"inLanguage\":\"en-US\",\"@id\":\"https:\/\/picardmarine.ca\/#\/schema\/logo\/image\/\",\"url\":\"https:\/\/picardmarine.ca\/wp-content\/uploads\/2024\/09\/Sans-titre-36.png\",\"contentUrl\":\"https:\/\/picardmarine.ca\/wp-content\/uploads\/2024\/09\/Sans-titre-36.png\",\"width\":500,\"height\":300,\"caption\":\"Picard Marine\"},\"image\":{\"@id\":\"https:\/\/picardmarine.ca\/#\/schema\/logo\/image\/\"},\"sameAs\":[\"https:\/\/www.facebook.com\/picardmarine1\",\"https:\/\/www.instagram.com\/picardmarinepicard\/\"]}]}<\/script>\n<!-- \/ Yoast SEO plugin. -->","yoast_head_json":{"title":"\u00c9l\u00e9vateur \u00e0 bateau GM 984 - Picard Marine","description":"\u00c9l\u00e9vateur \u00e0 bateau GM 984 -Mod&egrave;le : Cantilever-Capacit&eacute; : 900 livres (545 kg)-Largeur : 84\" (2134 mm)-Poids : 160 livres (75 kg)-Lev&eacute;e : 36\" (914 mm)-Type : Bateau de 12' &agrave; 16'-Lit central en aluminium&nbsp;-Longueur des pattes : 28\" (711 mm)","robots":{"index":"index","follow":"follow","max-snippet":"max-snippet:-1","max-image-preview":"max-image-preview:large","max-video-preview":"max-video-preview:-1"},"canonical":"https:\/\/picardmarine.ca\/en\/produit\/elevateur-a-bateau-gm-984\/","og_locale":"en_US","og_type":"article","og_title":"\u00c9l\u00e9vateur \u00e0 bateau GM 984 - Picard Marine","og_description":"\u00c9l\u00e9vateur \u00e0 bateau GM 984 -Mod&egrave;le : Cantilever-Capacit&eacute; : 900 livres (545 kg)-Largeur : 84\" (2134 mm)-Poids : 160 livres (75 kg)-Lev&eacute;e : 36\" (914 mm)-Type : Bateau de 12' &agrave; 16'-Lit central en aluminium&nbsp;-Longueur des pattes : 28\" (711 mm)","og_url":"https:\/\/picardmarine.ca\/en\/produit\/elevateur-a-bateau-gm-984\/","og_site_name":"Picard Marine","article_publisher":"https:\/\/www.facebook.com\/picardmarine1","article_modified_time":"2026-04-07T02:47:15+00:00","twitter_card":"summary_large_image","schema":{"@context":"https:\/\/schema.org","@graph":[{"@type":"WebPage","@id":"https:\/\/picardmarine.ca\/en\/produit\/elevateur-a-bateau-gm-984\/","url":"https:\/\/picardmarine.ca\/en\/produit\/elevateur-a-bateau-gm-984\/","name":"\u00c9l\u00e9vateur \u00e0 bateau GM 984 - Picard Marine","isPartOf":{"@id":"https:\/\/picardmarine.ca\/#website"},"primaryImageOfPage":{"@id":"https:\/\/picardmarine.ca\/en\/produit\/elevateur-a-bateau-gm-984\/#primaryimage"},"image":{"@id":"https:\/\/picardmarine.ca\/en\/produit\/elevateur-a-bateau-gm-984\/#primaryimage"},"thumbnailUrl":"https:\/\/picardmarine.ca\/wp-content\/uploads\/2026\/04\/68c3176bc8ad7_GM-984-1024x972-1-2-800x448-1.jpg","datePublished":"2025-07-09T21:47:08+00:00","dateModified":"2026-04-07T02:47:15+00:00","description":"\u00c9l\u00e9vateur \u00e0 bateau GM 984 -Mod&egrave;le : Cantilever-Capacit&eacute; : 900 livres (545 kg)-Largeur : 84\" (2134 mm)-Poids : 160 livres (75 kg)-Lev&eacute;e : 36\" (914 mm)-Type : Bateau de 12' &agrave; 16'-Lit central en aluminium&nbsp;-Longueur des pattes : 28\" (711 mm)","breadcrumb":{"@id":"https:\/\/picardmarine.ca\/en\/produit\/elevateur-a-bateau-gm-984\/#breadcrumb"},"inLanguage":"en-US","potentialAction":[{"@type":"ReadAction","target":["https:\/\/picardmarine.ca\/en\/produit\/elevateur-a-bateau-gm-984\/"]}]},{"@type":"ImageObject","inLanguage":"en-US","@id":"https:\/\/picardmarine.ca\/en\/produit\/elevateur-a-bateau-gm-984\/#primaryimage","url":"https:\/\/picardmarine.ca\/wp-content\/uploads\/2026\/04\/68c3176bc8ad7_GM-984-1024x972-1-2-800x448-1.jpg","contentUrl":"https:\/\/picardmarine.ca\/wp-content\/uploads\/2026\/04\/68c3176bc8ad7_GM-984-1024x972-1-2-800x448-1.jpg","width":800,"height":448},{"@type":"BreadcrumbList","@id":"https:\/\/picardmarine.ca\/en\/produit\/elevateur-a-bateau-gm-984\/#breadcrumb","itemListElement":[{"@type":"ListItem","position":1,"name":"Home","item":"https:\/\/picardmarine.ca\/"},{"@type":"ListItem","position":2,"name":"Our products","item":"https:\/\/picardmarine.ca\/en\/products\/"},{"@type":"ListItem","position":3,"name":"\u00c9l\u00e9vateur \u00e0 bateau GM 984"}]},{"@type":"WebSite","@id":"https:\/\/picardmarine.ca\/#website","url":"https:\/\/picardmarine.ca\/","name":"Picard Marine","description":"","publisher":{"@id":"https:\/\/picardmarine.ca\/#organization"},"potentialAction":[{"@type":"SearchAction","target":{"@type":"EntryPoint","urlTemplate":"https:\/\/picardmarine.ca\/?s={search_term_string}"},"query-input":{"@type":"PropertyValueSpecification","valueRequired":true,"valueName":"search_term_string"}}],"inLanguage":"en-US"},{"@type":"Organization","@id":"https:\/\/picardmarine.ca\/#organization","name":"Picard Marine","url":"https:\/\/picardmarine.ca\/","logo":{"@type":"ImageObject","inLanguage":"en-US","@id":"https:\/\/picardmarine.ca\/#\/schema\/logo\/image\/","url":"https:\/\/picardmarine.ca\/wp-content\/uploads\/2024\/09\/Sans-titre-36.png","contentUrl":"https:\/\/picardmarine.ca\/wp-content\/uploads\/2024\/09\/Sans-titre-36.png","width":500,"height":300,"caption":"Picard Marine"},"image":{"@id":"https:\/\/picardmarine.ca\/#\/schema\/logo\/image\/"},"sameAs":["https:\/\/www.facebook.com\/picardmarine1","https:\/\/www.instagram.com\/picardmarinepicard\/"]}]}},"_links":{"self":[{"href":"https:\/\/picardmarine.ca\/en\/wp-json\/wp\/v2\/product\/24798","targetHints":{"allow":["GET"]}}],"collection":[{"href":"https:\/\/picardmarine.ca\/en\/wp-json\/wp\/v2\/product"}],"about":[{"href":"https:\/\/picardmarine.ca\/en\/wp-json\/wp\/v2\/types\/product"}],"wp:featuredmedia":[{"embeddable":true,"href":"https:\/\/picardmarine.ca\/en\/wp-json\/wp\/v2\/media\/24797"}],"wp:attachment":[{"href":"https:\/\/picardmarine.ca\/en\/wp-json\/wp\/v2\/media?parent=24798"}],"wp:term":[{"taxonomy":"product_brand","embeddable":true,"href":"https:\/\/picardmarine.ca\/en\/wp-json\/wp\/v2\/product_brand?post=24798"},{"taxonomy":"product_cat","embeddable":true,"href":"https:\/\/picardmarine.ca\/en\/wp-json\/wp\/v2\/product_cat?post=24798"},{"taxonomy":"product_tag","embeddable":true,"href":"https:\/\/picardmarine.ca\/en\/wp-json\/wp\/v2\/product_tag?post=24798"}],"curies":[{"name":"wp","href":"https:\/\/api.w.org\/{rel}","templated":true}]}}