{"id":4034,"date":"2025-05-07T16:21:50","date_gmt":"2025-05-07T16:21:50","guid":{"rendered":"https:\/\/picardmarine.ca\/produits\/non%20class\u00e9\/elevateur-a-ponton-gm-35120-p\/"},"modified":"2025-12-15T18:16:40","modified_gmt":"2025-12-15T18:16:40","slug":"elevateur-a-ponton-gm-35120-p","status":"publish","type":"product","link":"https:\/\/picardmarine.ca\/en\/produit\/elevateur-a-ponton-gm-35120-p\/","title":{"rendered":"\u00c9l\u00e9vateur \u00e0 ponton GM 35120-P"},"content":{"rendered":"","protected":false},"excerpt":{"rendered":"<ul>\n<li>Mod&egrave;le : Vertical<\/li>\n<li>Capacit&eacute; : 3500 livres (1588 kg)<\/li>\n<li>Largeur : 120&rsquo;&rsquo; (3048 mm)<\/li>\n<li>Poids : 450 livres (204 kg)<\/li>\n<li>Lev&eacute;e : 60&rsquo;&rsquo; (1524 mm)<\/li>\n<li>Type : Ponton<\/li>\n<li>Lit central en aluminium<\/li>\n<li>Longueur des pattes : 36&rsquo;&rsquo; (914 mm)<\/li>\n<\/ul>\n","protected":false},"featured_media":20533,"template":"","meta":[],"product_brand":[],"product_cat":[102],"product_tag":[],"class_list":{"0":"post-4034","1":"product","2":"type-product","3":"status-publish","4":"has-post-thumbnail","6":"product_cat-phpr_21_fr","8":"first","9":"onbackorder","10":"shipping-taxable","11":"purchasable","12":"product-type-simple"},"yoast_head":"<!-- This site is optimized with the Yoast SEO plugin v26.8 - https:\/\/yoast.com\/product\/yoast-seo-wordpress\/ -->\n<title>\u00c9l\u00e9vateur \u00e0 ponton GM 35120-P - Picard Marine<\/title>\n<meta name=\"description\" content=\"\u00c9l\u00e9vateur \u00e0 ponton GM 35120-P Mod&egrave;le : Vertical Capacit&eacute; : 3500 livres (1588 kg) Largeur : 120&rsquo;&rsquo; (3048 mm) Poids : 450 livres (204 kg) Lev&eacute;e : 60&rsquo;&rsquo; (1524 mm) Type : Ponton Lit central en aluminium Longueur des pattes : 36&rsquo;&rsquo; (914 mm)\" \/>\n<meta name=\"robots\" content=\"index, follow, max-snippet:-1, max-image-preview:large, max-video-preview:-1\" \/>\n<link rel=\"canonical\" href=\"https:\/\/picardmarine.ca\/produit\/elevateur-a-ponton-gm-35120-p\/\" \/>\n<meta property=\"og:locale\" content=\"en_US\" \/>\n<meta property=\"og:type\" content=\"article\" \/>\n<meta property=\"og:title\" content=\"\u00c9l\u00e9vateur \u00e0 ponton GM 35120-P - Picard Marine\" \/>\n<meta property=\"og:description\" content=\"\u00c9l\u00e9vateur \u00e0 ponton GM 35120-P Mod&egrave;le : Vertical Capacit&eacute; : 3500 livres (1588 kg) Largeur : 120&rsquo;&rsquo; (3048 mm) Poids : 450 livres (204 kg) Lev&eacute;e : 60&rsquo;&rsquo; (1524 mm) Type : Ponton Lit central en aluminium Longueur des pattes : 36&rsquo;&rsquo; (914 mm)\" \/>\n<meta property=\"og:url\" content=\"https:\/\/picardmarine.ca\/produit\/elevateur-a-ponton-gm-35120-p\/\" \/>\n<meta property=\"og:site_name\" content=\"Picard Marine\" \/>\n<meta property=\"article:publisher\" content=\"https:\/\/www.facebook.com\/picardmarine1\" \/>\n<meta property=\"article:modified_time\" content=\"2025-12-15T18:16:40+00:00\" \/>\n<meta property=\"og:image\" content=\"https:\/\/picardmarine.ca\/wp-content\/uploads\/2025\/08\/6802d11b45dae_GM30108-2-800x448-1.jpg\" \/>\n\t<meta property=\"og:image:width\" content=\"800\" \/>\n\t<meta property=\"og:image:height\" content=\"448\" \/>\n\t<meta property=\"og:image:type\" content=\"image\/jpeg\" \/>\n<meta name=\"twitter:card\" content=\"summary_large_image\" \/>\n<meta name=\"twitter:label1\" content=\"Est. reading time\" \/>\n\t<meta name=\"twitter:data1\" content=\"1 minute\" \/>\n<script type=\"application\/ld+json\" class=\"yoast-schema-graph\">{\"@context\":\"https:\/\/schema.org\",\"@graph\":[{\"@type\":\"WebPage\",\"@id\":\"https:\/\/picardmarine.ca\/produit\/elevateur-a-ponton-gm-35120-p\/\",\"url\":\"https:\/\/picardmarine.ca\/produit\/elevateur-a-ponton-gm-35120-p\/\",\"name\":\"\u00c9l\u00e9vateur \u00e0 ponton GM 35120-P - Picard Marine\",\"isPartOf\":{\"@id\":\"https:\/\/picardmarine.ca\/#website\"},\"primaryImageOfPage\":{\"@id\":\"https:\/\/picardmarine.ca\/produit\/elevateur-a-ponton-gm-35120-p\/#primaryimage\"},\"image\":{\"@id\":\"https:\/\/picardmarine.ca\/produit\/elevateur-a-ponton-gm-35120-p\/#primaryimage\"},\"thumbnailUrl\":\"https:\/\/picardmarine.ca\/wp-content\/uploads\/2025\/12\/6802d11b45dae_GM30108-2-800x448-1.jpg\",\"datePublished\":\"2025-05-07T16:21:50+00:00\",\"dateModified\":\"2025-12-15T18:16:40+00:00\",\"description\":\"\u00c9l\u00e9vateur \u00e0 ponton GM 35120-P Mod&egrave;le : Vertical Capacit&eacute; : 3500 livres (1588 kg) Largeur : 120&rsquo;&rsquo; (3048 mm) Poids : 450 livres (204 kg) Lev&eacute;e : 60&rsquo;&rsquo; (1524 mm) Type : Ponton Lit central en aluminium Longueur des pattes : 36&rsquo;&rsquo; (914 mm)\",\"breadcrumb\":{\"@id\":\"https:\/\/picardmarine.ca\/produit\/elevateur-a-ponton-gm-35120-p\/#breadcrumb\"},\"inLanguage\":\"en-US\",\"potentialAction\":[{\"@type\":\"ReadAction\",\"target\":[\"https:\/\/picardmarine.ca\/produit\/elevateur-a-ponton-gm-35120-p\/\"]}]},{\"@type\":\"ImageObject\",\"inLanguage\":\"en-US\",\"@id\":\"https:\/\/picardmarine.ca\/produit\/elevateur-a-ponton-gm-35120-p\/#primaryimage\",\"url\":\"https:\/\/picardmarine.ca\/wp-content\/uploads\/2025\/12\/6802d11b45dae_GM30108-2-800x448-1.jpg\",\"contentUrl\":\"https:\/\/picardmarine.ca\/wp-content\/uploads\/2025\/12\/6802d11b45dae_GM30108-2-800x448-1.jpg\",\"width\":800,\"height\":448},{\"@type\":\"BreadcrumbList\",\"@id\":\"https:\/\/picardmarine.ca\/produit\/elevateur-a-ponton-gm-35120-p\/#breadcrumb\",\"itemListElement\":[{\"@type\":\"ListItem\",\"position\":1,\"name\":\"Home\",\"item\":\"https:\/\/picardmarine.ca\/\"},{\"@type\":\"ListItem\",\"position\":2,\"name\":\"Our products\",\"item\":\"https:\/\/picardmarine.ca\/en\/products\/\"},{\"@type\":\"ListItem\",\"position\":3,\"name\":\"\u00c9l\u00e9vateur \u00e0 ponton GM 35120-P\"}]},{\"@type\":\"WebSite\",\"@id\":\"https:\/\/picardmarine.ca\/#website\",\"url\":\"https:\/\/picardmarine.ca\/\",\"name\":\"Picard Marine\",\"description\":\"\",\"publisher\":{\"@id\":\"https:\/\/picardmarine.ca\/#organization\"},\"potentialAction\":[{\"@type\":\"SearchAction\",\"target\":{\"@type\":\"EntryPoint\",\"urlTemplate\":\"https:\/\/picardmarine.ca\/?s={search_term_string}\"},\"query-input\":{\"@type\":\"PropertyValueSpecification\",\"valueRequired\":true,\"valueName\":\"search_term_string\"}}],\"inLanguage\":\"en-US\"},{\"@type\":\"Organization\",\"@id\":\"https:\/\/picardmarine.ca\/#organization\",\"name\":\"Picard Marine\",\"url\":\"https:\/\/picardmarine.ca\/\",\"logo\":{\"@type\":\"ImageObject\",\"inLanguage\":\"en-US\",\"@id\":\"https:\/\/picardmarine.ca\/#\/schema\/logo\/image\/\",\"url\":\"https:\/\/picardmarine.ca\/wp-content\/uploads\/2024\/09\/Sans-titre-36.png\",\"contentUrl\":\"https:\/\/picardmarine.ca\/wp-content\/uploads\/2024\/09\/Sans-titre-36.png\",\"width\":500,\"height\":300,\"caption\":\"Picard Marine\"},\"image\":{\"@id\":\"https:\/\/picardmarine.ca\/#\/schema\/logo\/image\/\"},\"sameAs\":[\"https:\/\/www.facebook.com\/picardmarine1\",\"https:\/\/www.instagram.com\/picardmarinepicard\/\"]}]}<\/script>\n<!-- \/ Yoast SEO plugin. -->","yoast_head_json":{"title":"\u00c9l\u00e9vateur \u00e0 ponton GM 35120-P - Picard Marine","description":"\u00c9l\u00e9vateur \u00e0 ponton GM 35120-P Mod&egrave;le : Vertical Capacit&eacute; : 3500 livres (1588 kg) Largeur : 120&rsquo;&rsquo; (3048 mm) Poids : 450 livres (204 kg) Lev&eacute;e : 60&rsquo;&rsquo; (1524 mm) Type : Ponton Lit central en aluminium Longueur des pattes : 36&rsquo;&rsquo; (914 mm)","robots":{"index":"index","follow":"follow","max-snippet":"max-snippet:-1","max-image-preview":"max-image-preview:large","max-video-preview":"max-video-preview:-1"},"canonical":"https:\/\/picardmarine.ca\/produit\/elevateur-a-ponton-gm-35120-p\/","og_locale":"en_US","og_type":"article","og_title":"\u00c9l\u00e9vateur \u00e0 ponton GM 35120-P - Picard Marine","og_description":"\u00c9l\u00e9vateur \u00e0 ponton GM 35120-P Mod&egrave;le : Vertical Capacit&eacute; : 3500 livres (1588 kg) Largeur : 120&rsquo;&rsquo; (3048 mm) Poids : 450 livres (204 kg) Lev&eacute;e : 60&rsquo;&rsquo; (1524 mm) Type : Ponton Lit central en aluminium Longueur des pattes : 36&rsquo;&rsquo; (914 mm)","og_url":"https:\/\/picardmarine.ca\/produit\/elevateur-a-ponton-gm-35120-p\/","og_site_name":"Picard Marine","article_publisher":"https:\/\/www.facebook.com\/picardmarine1","article_modified_time":"2025-12-15T18:16:40+00:00","og_image":[{"width":800,"height":448,"url":"https:\/\/picardmarine.ca\/wp-content\/uploads\/2025\/08\/6802d11b45dae_GM30108-2-800x448-1.jpg","type":"image\/jpeg"}],"twitter_card":"summary_large_image","twitter_misc":{"Est. reading time":"1 minute"},"schema":{"@context":"https:\/\/schema.org","@graph":[{"@type":"WebPage","@id":"https:\/\/picardmarine.ca\/produit\/elevateur-a-ponton-gm-35120-p\/","url":"https:\/\/picardmarine.ca\/produit\/elevateur-a-ponton-gm-35120-p\/","name":"\u00c9l\u00e9vateur \u00e0 ponton GM 35120-P - Picard Marine","isPartOf":{"@id":"https:\/\/picardmarine.ca\/#website"},"primaryImageOfPage":{"@id":"https:\/\/picardmarine.ca\/produit\/elevateur-a-ponton-gm-35120-p\/#primaryimage"},"image":{"@id":"https:\/\/picardmarine.ca\/produit\/elevateur-a-ponton-gm-35120-p\/#primaryimage"},"thumbnailUrl":"https:\/\/picardmarine.ca\/wp-content\/uploads\/2025\/12\/6802d11b45dae_GM30108-2-800x448-1.jpg","datePublished":"2025-05-07T16:21:50+00:00","dateModified":"2025-12-15T18:16:40+00:00","description":"\u00c9l\u00e9vateur \u00e0 ponton GM 35120-P Mod&egrave;le : Vertical Capacit&eacute; : 3500 livres (1588 kg) Largeur : 120&rsquo;&rsquo; (3048 mm) Poids : 450 livres (204 kg) Lev&eacute;e : 60&rsquo;&rsquo; (1524 mm) Type : Ponton Lit central en aluminium Longueur des pattes : 36&rsquo;&rsquo; (914 mm)","breadcrumb":{"@id":"https:\/\/picardmarine.ca\/produit\/elevateur-a-ponton-gm-35120-p\/#breadcrumb"},"inLanguage":"en-US","potentialAction":[{"@type":"ReadAction","target":["https:\/\/picardmarine.ca\/produit\/elevateur-a-ponton-gm-35120-p\/"]}]},{"@type":"ImageObject","inLanguage":"en-US","@id":"https:\/\/picardmarine.ca\/produit\/elevateur-a-ponton-gm-35120-p\/#primaryimage","url":"https:\/\/picardmarine.ca\/wp-content\/uploads\/2025\/12\/6802d11b45dae_GM30108-2-800x448-1.jpg","contentUrl":"https:\/\/picardmarine.ca\/wp-content\/uploads\/2025\/12\/6802d11b45dae_GM30108-2-800x448-1.jpg","width":800,"height":448},{"@type":"BreadcrumbList","@id":"https:\/\/picardmarine.ca\/produit\/elevateur-a-ponton-gm-35120-p\/#breadcrumb","itemListElement":[{"@type":"ListItem","position":1,"name":"Home","item":"https:\/\/picardmarine.ca\/"},{"@type":"ListItem","position":2,"name":"Our products","item":"https:\/\/picardmarine.ca\/en\/products\/"},{"@type":"ListItem","position":3,"name":"\u00c9l\u00e9vateur \u00e0 ponton GM 35120-P"}]},{"@type":"WebSite","@id":"https:\/\/picardmarine.ca\/#website","url":"https:\/\/picardmarine.ca\/","name":"Picard Marine","description":"","publisher":{"@id":"https:\/\/picardmarine.ca\/#organization"},"potentialAction":[{"@type":"SearchAction","target":{"@type":"EntryPoint","urlTemplate":"https:\/\/picardmarine.ca\/?s={search_term_string}"},"query-input":{"@type":"PropertyValueSpecification","valueRequired":true,"valueName":"search_term_string"}}],"inLanguage":"en-US"},{"@type":"Organization","@id":"https:\/\/picardmarine.ca\/#organization","name":"Picard Marine","url":"https:\/\/picardmarine.ca\/","logo":{"@type":"ImageObject","inLanguage":"en-US","@id":"https:\/\/picardmarine.ca\/#\/schema\/logo\/image\/","url":"https:\/\/picardmarine.ca\/wp-content\/uploads\/2024\/09\/Sans-titre-36.png","contentUrl":"https:\/\/picardmarine.ca\/wp-content\/uploads\/2024\/09\/Sans-titre-36.png","width":500,"height":300,"caption":"Picard Marine"},"image":{"@id":"https:\/\/picardmarine.ca\/#\/schema\/logo\/image\/"},"sameAs":["https:\/\/www.facebook.com\/picardmarine1","https:\/\/www.instagram.com\/picardmarinepicard\/"]}]}},"_links":{"self":[{"href":"https:\/\/picardmarine.ca\/en\/wp-json\/wp\/v2\/product\/4034","targetHints":{"allow":["GET"]}}],"collection":[{"href":"https:\/\/picardmarine.ca\/en\/wp-json\/wp\/v2\/product"}],"about":[{"href":"https:\/\/picardmarine.ca\/en\/wp-json\/wp\/v2\/types\/product"}],"wp:featuredmedia":[{"embeddable":true,"href":"https:\/\/picardmarine.ca\/en\/wp-json\/wp\/v2\/media\/20533"}],"wp:attachment":[{"href":"https:\/\/picardmarine.ca\/en\/wp-json\/wp\/v2\/media?parent=4034"}],"wp:term":[{"taxonomy":"product_brand","embeddable":true,"href":"https:\/\/picardmarine.ca\/en\/wp-json\/wp\/v2\/product_brand?post=4034"},{"taxonomy":"product_cat","embeddable":true,"href":"https:\/\/picardmarine.ca\/en\/wp-json\/wp\/v2\/product_cat?post=4034"},{"taxonomy":"product_tag","embeddable":true,"href":"https:\/\/picardmarine.ca\/en\/wp-json\/wp\/v2\/product_tag?post=4034"}],"curies":[{"name":"wp","href":"https:\/\/api.w.org\/{rel}","templated":true}]}}