{"id":4460,"date":"2025-05-22T20:41:47","date_gmt":"2025-05-22T20:41:47","guid":{"rendered":"https:\/\/picardmarine.ca\/?post_type=product&#038;p=4460"},"modified":"2025-08-20T03:22:40","modified_gmt":"2025-08-20T03:22:40","slug":"princecraft-super-pro-196","status":"publish","type":"product","link":"https:\/\/picardmarine.ca\/en\/produit\/princecraft-super-pro-196\/","title":{"rendered":"Bateau Princecraft Super pro 196\u00a01999"},"content":{"rendered":"<h6 data-start=\"134\" data-end=\"218\"><strong data-start=\"134\" data-end=\"218\">Bateau usag\u00e9 1999 Princecraft Super Pro 196 \u2013 Consignation chez Picard Marine :\u00a0<\/strong><\/h6>\n<p data-start=\"220\" data-end=\"561\">Vous cherchez un bateau Super Pro usag\u00e9 fiable, performant et pr\u00eat \u00e0 vous accompagner sur les lacs et rivi\u00e8res de l\u2019Estrie? Le Princecraft Super Pro 196 est un choix id\u00e9al pour les amateurs de p\u00eache et de navigation. Choisissez un bateau usag\u00e9, alliez qualit\u00e9 et prix accessible en <strong>\u00e9conomisant les taxes<\/strong>. Disponible en consignation chez Picard Marine, \u00e0 Saint-Alphonse-de-Granby,<\/p>\n<h6 data-start=\"563\" data-end=\"1148\"><strong>Inspection<\/strong><\/h6>\n<p data-start=\"563\" data-end=\"1148\">Au besoin, nous inspectons chaque bateau usag\u00e9. En effet, nous sommes en mesure de v\u00e9rifier le moteur, la coque, les \u00e9quipements et l\u2019ensemble des syst\u00e8mes pour nous assurer que chaque unit\u00e9 est s\u00e9curitaire et pr\u00eate \u00e0 naviguer. Des frais s&#8217;appliquent pour l&#8217;inspection compl\u00e8te.<\/p>\n<h6 data-start=\"563\" data-end=\"1148\"><strong>Accessoires<\/strong><\/h6>\n<p data-start=\"563\" data-end=\"1148\">Comme il s\u2019agit d\u2019un bateau en consignation, les options, accessoires et configurations peuvent varier d\u2019un mod\u00e8le \u00e0 l\u2019autre. Pour cette raison, nous vous invitons \u00e0 contacter notre \u00e9quipe pour obtenir toutes les informations sp\u00e9cifiques au bateau usag\u00e9 qui vous int\u00e9resse.<\/p>\n<h6 data-start=\"563\" data-end=\"1148\"><strong>Pourquoi choisir un bateau usag\u00e9?<\/strong><\/h6>\n<p data-start=\"1150\" data-end=\"1567\">Vous cherchez robustesse et maniabilit\u00e9, donc ne cherchez pas plus loin : le <strong>Princecraft Super Pro 196<\/strong>\u00a0est id\u00e9al pour vous. Profitez pleinement de vos sorties sur l&#8217;eau gr\u00e2ce \u00e0 ces qualit\u00e9s. Vous \u00eates un p\u00eacheur passionn\u00e9? Vous aimeriez simplement profiter d&#8217;un bateau de plaisance stable et confortable? Dans ce cas, ce mod\u00e8le saura r\u00e9pondre parfaitement \u00e0 vos besoins. Sa conception pratique facilite la navigation tout en assurant un bon confort \u00e0 bord.<\/p>\n<p data-start=\"1569\" data-end=\"1975\">Acheter un bateau en consignation chez Picard Marine vous offre l\u2019avantage d\u2019un prix plus accessible compar\u00e9 \u00e0 un bateau neuf. B\u00e9n\u00e9ficiez ainsi d\u2019un <strong>service personnalis\u00e9<\/strong> et d\u2019un <strong>accompagnement professionnel<\/strong> tout au long du processus d\u2019achat. Choisir Picard Marine, c&#8217;est s&#8217;entourer d&#8217;une \u00e9quipe comp\u00e9tente. Effectivement, on vous conseille, vous guide et reste disponible apr\u00e8s la vente pour r\u00e9pondre \u00e0 vos questions et vous offrir un suivi de qualit\u00e9.<\/p>\n<p data-start=\"1977\" data-end=\"2274\">Parce que la disponibilit\u00e9 des bateaux en consignation est limit\u00e9e, nous vous recommandons de nous contacter rapidement ou de vous pr\u00e9senter sur place pour une visite.<\/p>\n<p data-start=\"2276\" data-end=\"2397\"><strong>Contactez Picard Marine d\u00e8s aujourd\u2019hui par t\u00e9l\u00e9phone ou par courriel pour en savoir plus.<\/strong><\/p>\n","protected":false},"excerpt":{"rendered":"<p><span style=\"color: white; font-size: 30px; font-weight: bold;\">Bateau en consignation : ne payez pas de taxes !<\/span><br \/>\n<strong><br \/>\nCARACT\u00c9RISTIQUES\u00a0<\/strong><\/p>\n<ul>\n<li style=\"list-style-type: none;\">\n<ul>\n<li><span style=\"font-weight: 400;\">2 moteurs : 120HP Evinrude 2 temps <\/span><\/li>\n<li><span style=\"font-weight: 400;\">Toile rapide et Toit bimini et campeur<\/span><\/li>\n<li><span style=\"font-weight: 400;\">Sonar<\/span><\/li>\n<li><span style=\"font-weight: 400;\">2 si\u00e8ges pivotants et banquette de promenade<\/span><\/li>\n<li><span style=\"font-weight: 400;\">Radio am\/fm lecteur boss<\/span><\/li>\n<li><span style=\"font-weight: 400;\">Remorque<\/span><\/li>\n<\/ul>\n<\/li>\n<\/ul>\n","protected":false},"featured_media":4747,"template":"","meta":[],"product_brand":[],"product_cat":[64],"product_tag":[],"class_list":{"0":"post-4460","1":"product","2":"type-product","3":"status-publish","4":"has-post-thumbnail","6":"product_cat-phpr_15_fr","7":"pa_disponibilite-en-inventaire","8":"pa_etat-usage","10":"first","11":"instock","12":"shipping-taxable","13":"purchasable","14":"product-type-simple"},"yoast_head":"<!-- This site is optimized with the Yoast SEO plugin v26.8 - https:\/\/yoast.com\/product\/yoast-seo-wordpress\/ -->\n<title>Princecraft Super Pro 196<\/title>\n<meta name=\"description\" content=\"Princecraft Super Pro 196 1999. Moteur 120 HP 2 temps, sonar et toile rapide. Un bateau pr\u00eat pour l\u2019action chez Picard Marine\" \/>\n<meta name=\"robots\" content=\"index, follow, max-snippet:-1, max-image-preview:large, max-video-preview:-1\" \/>\n<link rel=\"canonical\" href=\"https:\/\/picardmarine.ca\/produit\/princecraft-super-pro-196\/\" \/>\n<meta property=\"og:locale\" content=\"en_US\" \/>\n<meta property=\"og:type\" content=\"article\" \/>\n<meta property=\"og:title\" content=\"Princecraft Super Pro 196\" \/>\n<meta property=\"og:description\" content=\"Princecraft Super Pro 196 1999. Moteur 120 HP 2 temps, sonar et toile rapide. Un bateau pr\u00eat pour l\u2019action chez Picard Marine\" \/>\n<meta property=\"og:url\" content=\"https:\/\/picardmarine.ca\/produit\/princecraft-super-pro-196\/\" \/>\n<meta property=\"og:site_name\" content=\"Picard Marine\" \/>\n<meta property=\"article:publisher\" content=\"https:\/\/www.facebook.com\/picardmarine1\" \/>\n<meta property=\"article:modified_time\" content=\"2025-08-20T03:22:40+00:00\" \/>\n<meta property=\"og:image\" content=\"https:\/\/picardmarine.ca\/wp-content\/uploads\/2025\/05\/20210826_150701_HDR-scaled-1.jpg\" \/>\n\t<meta property=\"og:image:width\" content=\"1920\" \/>\n\t<meta property=\"og:image:height\" content=\"1443\" \/>\n\t<meta property=\"og:image:type\" content=\"image\/jpeg\" \/>\n<meta name=\"twitter:card\" content=\"summary_large_image\" \/>\n<meta name=\"twitter:label1\" content=\"Est. reading time\" \/>\n\t<meta name=\"twitter:data1\" content=\"2 minutes\" \/>\n<script type=\"application\/ld+json\" class=\"yoast-schema-graph\">{\"@context\":\"https:\/\/schema.org\",\"@graph\":[{\"@type\":\"WebPage\",\"@id\":\"https:\/\/picardmarine.ca\/produit\/princecraft-super-pro-196\/\",\"url\":\"https:\/\/picardmarine.ca\/produit\/princecraft-super-pro-196\/\",\"name\":\"Princecraft Super Pro 196\",\"isPartOf\":{\"@id\":\"https:\/\/picardmarine.ca\/#website\"},\"primaryImageOfPage\":{\"@id\":\"https:\/\/picardmarine.ca\/produit\/princecraft-super-pro-196\/#primaryimage\"},\"image\":{\"@id\":\"https:\/\/picardmarine.ca\/produit\/princecraft-super-pro-196\/#primaryimage\"},\"thumbnailUrl\":\"https:\/\/picardmarine.ca\/wp-content\/uploads\/2025\/05\/20210826_150701_HDR-scaled-1.jpg\",\"datePublished\":\"2025-05-22T20:41:47+00:00\",\"dateModified\":\"2025-08-20T03:22:40+00:00\",\"description\":\"Princecraft Super Pro 196 1999. Moteur 120 HP 2 temps, sonar et toile rapide. Un bateau pr\u00eat pour l\u2019action chez Picard Marine\",\"breadcrumb\":{\"@id\":\"https:\/\/picardmarine.ca\/produit\/princecraft-super-pro-196\/#breadcrumb\"},\"inLanguage\":\"en-US\",\"potentialAction\":[{\"@type\":\"ReadAction\",\"target\":[\"https:\/\/picardmarine.ca\/produit\/princecraft-super-pro-196\/\"]}]},{\"@type\":\"ImageObject\",\"inLanguage\":\"en-US\",\"@id\":\"https:\/\/picardmarine.ca\/produit\/princecraft-super-pro-196\/#primaryimage\",\"url\":\"https:\/\/picardmarine.ca\/wp-content\/uploads\/2025\/05\/20210826_150701_HDR-scaled-1.jpg\",\"contentUrl\":\"https:\/\/picardmarine.ca\/wp-content\/uploads\/2025\/05\/20210826_150701_HDR-scaled-1.jpg\",\"width\":1920,\"height\":1443,\"caption\":\"princecraft super pro 196\"},{\"@type\":\"BreadcrumbList\",\"@id\":\"https:\/\/picardmarine.ca\/produit\/princecraft-super-pro-196\/#breadcrumb\",\"itemListElement\":[{\"@type\":\"ListItem\",\"position\":1,\"name\":\"Home\",\"item\":\"https:\/\/picardmarine.ca\/\"},{\"@type\":\"ListItem\",\"position\":2,\"name\":\"Our products\",\"item\":\"https:\/\/picardmarine.ca\/en\/products\/\"},{\"@type\":\"ListItem\",\"position\":3,\"name\":\"Bateau Princecraft Super pro 196\u00a01999\"}]},{\"@type\":\"WebSite\",\"@id\":\"https:\/\/picardmarine.ca\/#website\",\"url\":\"https:\/\/picardmarine.ca\/\",\"name\":\"Picard Marine\",\"description\":\"\",\"publisher\":{\"@id\":\"https:\/\/picardmarine.ca\/#organization\"},\"potentialAction\":[{\"@type\":\"SearchAction\",\"target\":{\"@type\":\"EntryPoint\",\"urlTemplate\":\"https:\/\/picardmarine.ca\/?s={search_term_string}\"},\"query-input\":{\"@type\":\"PropertyValueSpecification\",\"valueRequired\":true,\"valueName\":\"search_term_string\"}}],\"inLanguage\":\"en-US\"},{\"@type\":\"Organization\",\"@id\":\"https:\/\/picardmarine.ca\/#organization\",\"name\":\"Picard Marine\",\"url\":\"https:\/\/picardmarine.ca\/\",\"logo\":{\"@type\":\"ImageObject\",\"inLanguage\":\"en-US\",\"@id\":\"https:\/\/picardmarine.ca\/#\/schema\/logo\/image\/\",\"url\":\"https:\/\/picardmarine.ca\/wp-content\/uploads\/2024\/09\/Sans-titre-36.png\",\"contentUrl\":\"https:\/\/picardmarine.ca\/wp-content\/uploads\/2024\/09\/Sans-titre-36.png\",\"width\":500,\"height\":300,\"caption\":\"Picard Marine\"},\"image\":{\"@id\":\"https:\/\/picardmarine.ca\/#\/schema\/logo\/image\/\"},\"sameAs\":[\"https:\/\/www.facebook.com\/picardmarine1\",\"https:\/\/www.instagram.com\/picardmarinepicard\/\"]}]}<\/script>\n<!-- \/ Yoast SEO plugin. -->","yoast_head_json":{"title":"Princecraft Super Pro 196","description":"Princecraft Super Pro 196 1999. Moteur 120 HP 2 temps, sonar et toile rapide. Un bateau pr\u00eat pour l\u2019action chez Picard Marine","robots":{"index":"index","follow":"follow","max-snippet":"max-snippet:-1","max-image-preview":"max-image-preview:large","max-video-preview":"max-video-preview:-1"},"canonical":"https:\/\/picardmarine.ca\/produit\/princecraft-super-pro-196\/","og_locale":"en_US","og_type":"article","og_title":"Princecraft Super Pro 196","og_description":"Princecraft Super Pro 196 1999. Moteur 120 HP 2 temps, sonar et toile rapide. Un bateau pr\u00eat pour l\u2019action chez Picard Marine","og_url":"https:\/\/picardmarine.ca\/produit\/princecraft-super-pro-196\/","og_site_name":"Picard Marine","article_publisher":"https:\/\/www.facebook.com\/picardmarine1","article_modified_time":"2025-08-20T03:22:40+00:00","og_image":[{"width":1920,"height":1443,"url":"https:\/\/picardmarine.ca\/wp-content\/uploads\/2025\/05\/20210826_150701_HDR-scaled-1.jpg","type":"image\/jpeg"}],"twitter_card":"summary_large_image","twitter_misc":{"Est. reading time":"2 minutes"},"schema":{"@context":"https:\/\/schema.org","@graph":[{"@type":"WebPage","@id":"https:\/\/picardmarine.ca\/produit\/princecraft-super-pro-196\/","url":"https:\/\/picardmarine.ca\/produit\/princecraft-super-pro-196\/","name":"Princecraft Super Pro 196","isPartOf":{"@id":"https:\/\/picardmarine.ca\/#website"},"primaryImageOfPage":{"@id":"https:\/\/picardmarine.ca\/produit\/princecraft-super-pro-196\/#primaryimage"},"image":{"@id":"https:\/\/picardmarine.ca\/produit\/princecraft-super-pro-196\/#primaryimage"},"thumbnailUrl":"https:\/\/picardmarine.ca\/wp-content\/uploads\/2025\/05\/20210826_150701_HDR-scaled-1.jpg","datePublished":"2025-05-22T20:41:47+00:00","dateModified":"2025-08-20T03:22:40+00:00","description":"Princecraft Super Pro 196 1999. Moteur 120 HP 2 temps, sonar et toile rapide. Un bateau pr\u00eat pour l\u2019action chez Picard Marine","breadcrumb":{"@id":"https:\/\/picardmarine.ca\/produit\/princecraft-super-pro-196\/#breadcrumb"},"inLanguage":"en-US","potentialAction":[{"@type":"ReadAction","target":["https:\/\/picardmarine.ca\/produit\/princecraft-super-pro-196\/"]}]},{"@type":"ImageObject","inLanguage":"en-US","@id":"https:\/\/picardmarine.ca\/produit\/princecraft-super-pro-196\/#primaryimage","url":"https:\/\/picardmarine.ca\/wp-content\/uploads\/2025\/05\/20210826_150701_HDR-scaled-1.jpg","contentUrl":"https:\/\/picardmarine.ca\/wp-content\/uploads\/2025\/05\/20210826_150701_HDR-scaled-1.jpg","width":1920,"height":1443,"caption":"princecraft super pro 196"},{"@type":"BreadcrumbList","@id":"https:\/\/picardmarine.ca\/produit\/princecraft-super-pro-196\/#breadcrumb","itemListElement":[{"@type":"ListItem","position":1,"name":"Home","item":"https:\/\/picardmarine.ca\/"},{"@type":"ListItem","position":2,"name":"Our products","item":"https:\/\/picardmarine.ca\/en\/products\/"},{"@type":"ListItem","position":3,"name":"Bateau Princecraft Super pro 196\u00a01999"}]},{"@type":"WebSite","@id":"https:\/\/picardmarine.ca\/#website","url":"https:\/\/picardmarine.ca\/","name":"Picard Marine","description":"","publisher":{"@id":"https:\/\/picardmarine.ca\/#organization"},"potentialAction":[{"@type":"SearchAction","target":{"@type":"EntryPoint","urlTemplate":"https:\/\/picardmarine.ca\/?s={search_term_string}"},"query-input":{"@type":"PropertyValueSpecification","valueRequired":true,"valueName":"search_term_string"}}],"inLanguage":"en-US"},{"@type":"Organization","@id":"https:\/\/picardmarine.ca\/#organization","name":"Picard Marine","url":"https:\/\/picardmarine.ca\/","logo":{"@type":"ImageObject","inLanguage":"en-US","@id":"https:\/\/picardmarine.ca\/#\/schema\/logo\/image\/","url":"https:\/\/picardmarine.ca\/wp-content\/uploads\/2024\/09\/Sans-titre-36.png","contentUrl":"https:\/\/picardmarine.ca\/wp-content\/uploads\/2024\/09\/Sans-titre-36.png","width":500,"height":300,"caption":"Picard Marine"},"image":{"@id":"https:\/\/picardmarine.ca\/#\/schema\/logo\/image\/"},"sameAs":["https:\/\/www.facebook.com\/picardmarine1","https:\/\/www.instagram.com\/picardmarinepicard\/"]}]}},"_links":{"self":[{"href":"https:\/\/picardmarine.ca\/en\/wp-json\/wp\/v2\/product\/4460","targetHints":{"allow":["GET"]}}],"collection":[{"href":"https:\/\/picardmarine.ca\/en\/wp-json\/wp\/v2\/product"}],"about":[{"href":"https:\/\/picardmarine.ca\/en\/wp-json\/wp\/v2\/types\/product"}],"wp:featuredmedia":[{"embeddable":true,"href":"https:\/\/picardmarine.ca\/en\/wp-json\/wp\/v2\/media\/4747"}],"wp:attachment":[{"href":"https:\/\/picardmarine.ca\/en\/wp-json\/wp\/v2\/media?parent=4460"}],"wp:term":[{"taxonomy":"product_brand","embeddable":true,"href":"https:\/\/picardmarine.ca\/en\/wp-json\/wp\/v2\/product_brand?post=4460"},{"taxonomy":"product_cat","embeddable":true,"href":"https:\/\/picardmarine.ca\/en\/wp-json\/wp\/v2\/product_cat?post=4460"},{"taxonomy":"product_tag","embeddable":true,"href":"https:\/\/picardmarine.ca\/en\/wp-json\/wp\/v2\/product_tag?post=4460"}],"curies":[{"name":"wp","href":"https:\/\/api.w.org\/{rel}","templated":true}]}}