{"id":9812,"date":"2025-09-10T19:42:46","date_gmt":"2025-09-10T19:42:46","guid":{"rendered":"https:\/\/picardmarine.ca\/produit\/princecraft-bateaux-pontes-ventura-230-rl-2025\/"},"modified":"2025-09-10T19:42:46","modified_gmt":"2025-09-10T19:42:46","slug":"princecraft-bateaux-pontes-ventura-230-rl-2025","status":"publish","type":"product","link":"https:\/\/picardmarine.ca\/en\/produit\/princecraft-bateaux-pontes-ventura-230-rl-2025\/","title":{"rendered":"Princecraft Bateaux pontes Ventura 230 RL 2025"},"content":{"rendered":"","protected":false},"excerpt":{"rendered":"<p>Longueur hors tout : 7.0 m (23\u2019-1\u201d), Largeur hors tout : 2.6 m (101\u201d), Largeur fond : <br \/>2.1 m (83&#8243;), Profondeur maximale : 1.0 m (40&#8243;), Tirant d&#8217;eau approximatif : 0.4 (14&#8243;), Tirant d&#8217;eau <br \/>approximatif (avec moteur) : 0.8 m (31&#8243;), Hauteur tableau arri\u00e8re : 0.64 m (25&#8243;), Poids approximatif : <br \/>1066 kg (2350 lb), Relev\u00e9 de varangue (degr\u00e9s) : 13<\/p>\n","protected":false},"featured_media":9780,"template":"","meta":[],"product_brand":[],"product_cat":[78],"product_tag":[],"class_list":{"0":"post-9812","1":"product","2":"type-product","3":"status-publish","4":"has-post-thumbnail","6":"product_cat-phpr_23_en","7":"pa_disponibilite-sur-commande","9":"first","10":"onbackorder","11":"shipping-taxable","12":"purchasable","13":"product-type-simple"},"yoast_head":"<!-- This site is optimized with the Yoast SEO plugin v26.8 - https:\/\/yoast.com\/product\/yoast-seo-wordpress\/ -->\n<title>Princecraft Bateaux pontes Ventura 230 RL 2025 - Picard Marine<\/title>\n<meta name=\"description\" content=\"Princecraft Bateaux pontes Ventura 230 RL 2025 Longueur hors tout : 7.0 m (23\u2019-1\u201d), Largeur hors tout : 2.6 m (101\u201d), Largeur fond : 2.1 m (83&quot;), Profondeur maximale : 1.0 m (40&quot;), Tirant d&#039;eau approximatif : 0.4 (14&quot;), Tirant d&#039;eau approximatif (avec moteur) : 0.8 m (31&quot;), Hauteur tableau arri\u00e8re : 0.64 m (25&quot;), Poids approximatif : 1066 kg (2350 lb), Relev\u00e9 de varangue (degr\u00e9s) : 13\" \/>\n<meta name=\"robots\" content=\"index, follow, max-snippet:-1, max-image-preview:large, max-video-preview:-1\" \/>\n<link rel=\"canonical\" href=\"https:\/\/picardmarine.ca\/produit\/princecraft-bateaux-pontes-ventura-230-rl-2025\/\" \/>\n<meta property=\"og:locale\" content=\"en_US\" \/>\n<meta property=\"og:type\" content=\"article\" \/>\n<meta property=\"og:title\" content=\"Princecraft Bateaux pontes Ventura 230 RL 2025 - Picard Marine\" \/>\n<meta property=\"og:description\" content=\"Princecraft Bateaux pontes Ventura 230 RL 2025 Longueur hors tout : 7.0 m (23\u2019-1\u201d), Largeur hors tout : 2.6 m (101\u201d), Largeur fond : 2.1 m (83&quot;), Profondeur maximale : 1.0 m (40&quot;), Tirant d&#039;eau approximatif : 0.4 (14&quot;), Tirant d&#039;eau approximatif (avec moteur) : 0.8 m (31&quot;), Hauteur tableau arri\u00e8re : 0.64 m (25&quot;), Poids approximatif : 1066 kg (2350 lb), Relev\u00e9 de varangue (degr\u00e9s) : 13\" \/>\n<meta property=\"og:url\" content=\"https:\/\/picardmarine.ca\/produit\/princecraft-bateaux-pontes-ventura-230-rl-2025\/\" \/>\n<meta property=\"og:site_name\" content=\"Picard Marine\" \/>\n<meta property=\"article:publisher\" content=\"https:\/\/www.facebook.com\/picardmarine1\" \/>\n<meta name=\"twitter:card\" content=\"summary_large_image\" \/>\n<script type=\"application\/ld+json\" class=\"yoast-schema-graph\">{\"@context\":\"https:\/\/schema.org\",\"@graph\":[{\"@type\":\"WebPage\",\"@id\":\"https:\/\/picardmarine.ca\/produit\/princecraft-bateaux-pontes-ventura-230-rl-2025\/\",\"url\":\"https:\/\/picardmarine.ca\/produit\/princecraft-bateaux-pontes-ventura-230-rl-2025\/\",\"name\":\"Princecraft Bateaux pontes Ventura 230 RL 2025 - Picard Marine\",\"isPartOf\":{\"@id\":\"https:\/\/picardmarine.ca\/#website\"},\"primaryImageOfPage\":{\"@id\":\"https:\/\/picardmarine.ca\/produit\/princecraft-bateaux-pontes-ventura-230-rl-2025\/#primaryimage\"},\"image\":{\"@id\":\"https:\/\/picardmarine.ca\/produit\/princecraft-bateaux-pontes-ventura-230-rl-2025\/#primaryimage\"},\"thumbnailUrl\":\"https:\/\/picardmarine.ca\/wp-content\/uploads\/2025\/09\/68b02f57321df3.10543489_princecraft-bateaux-pontes-ventura-230-rl2025.jpeg\",\"datePublished\":\"2025-09-10T19:42:46+00:00\",\"description\":\"Princecraft Bateaux pontes Ventura 230 RL 2025 Longueur hors tout : 7.0 m (23\u2019-1\u201d), Largeur hors tout : 2.6 m (101\u201d), Largeur fond : 2.1 m (83\\\"), Profondeur maximale : 1.0 m (40\\\"), Tirant d'eau approximatif : 0.4 (14\\\"), Tirant d'eau approximatif (avec moteur) : 0.8 m (31\\\"), Hauteur tableau arri\u00e8re : 0.64 m (25\\\"), Poids approximatif : 1066 kg (2350 lb), Relev\u00e9 de varangue (degr\u00e9s) : 13\",\"breadcrumb\":{\"@id\":\"https:\/\/picardmarine.ca\/produit\/princecraft-bateaux-pontes-ventura-230-rl-2025\/#breadcrumb\"},\"inLanguage\":\"en-US\",\"potentialAction\":[{\"@type\":\"ReadAction\",\"target\":[\"https:\/\/picardmarine.ca\/produit\/princecraft-bateaux-pontes-ventura-230-rl-2025\/\"]}]},{\"@type\":\"ImageObject\",\"inLanguage\":\"en-US\",\"@id\":\"https:\/\/picardmarine.ca\/produit\/princecraft-bateaux-pontes-ventura-230-rl-2025\/#primaryimage\",\"url\":\"https:\/\/picardmarine.ca\/wp-content\/uploads\/2025\/09\/68b02f57321df3.10543489_princecraft-bateaux-pontes-ventura-230-rl2025.jpeg\",\"contentUrl\":\"https:\/\/picardmarine.ca\/wp-content\/uploads\/2025\/09\/68b02f57321df3.10543489_princecraft-bateaux-pontes-ventura-230-rl2025.jpeg\",\"width\":1216,\"height\":684},{\"@type\":\"BreadcrumbList\",\"@id\":\"https:\/\/picardmarine.ca\/produit\/princecraft-bateaux-pontes-ventura-230-rl-2025\/#breadcrumb\",\"itemListElement\":[{\"@type\":\"ListItem\",\"position\":1,\"name\":\"Home\",\"item\":\"https:\/\/picardmarine.ca\/\"},{\"@type\":\"ListItem\",\"position\":2,\"name\":\"Our products\",\"item\":\"https:\/\/picardmarine.ca\/en\/products\/\"},{\"@type\":\"ListItem\",\"position\":3,\"name\":\"Princecraft Bateaux pontes Ventura 230 RL 2025\"}]},{\"@type\":\"WebSite\",\"@id\":\"https:\/\/picardmarine.ca\/#website\",\"url\":\"https:\/\/picardmarine.ca\/\",\"name\":\"Picard Marine\",\"description\":\"\",\"publisher\":{\"@id\":\"https:\/\/picardmarine.ca\/#organization\"},\"potentialAction\":[{\"@type\":\"SearchAction\",\"target\":{\"@type\":\"EntryPoint\",\"urlTemplate\":\"https:\/\/picardmarine.ca\/?s={search_term_string}\"},\"query-input\":{\"@type\":\"PropertyValueSpecification\",\"valueRequired\":true,\"valueName\":\"search_term_string\"}}],\"inLanguage\":\"en-US\"},{\"@type\":\"Organization\",\"@id\":\"https:\/\/picardmarine.ca\/#organization\",\"name\":\"Picard Marine\",\"url\":\"https:\/\/picardmarine.ca\/\",\"logo\":{\"@type\":\"ImageObject\",\"inLanguage\":\"en-US\",\"@id\":\"https:\/\/picardmarine.ca\/#\/schema\/logo\/image\/\",\"url\":\"https:\/\/picardmarine.ca\/wp-content\/uploads\/2024\/09\/Sans-titre-36.png\",\"contentUrl\":\"https:\/\/picardmarine.ca\/wp-content\/uploads\/2024\/09\/Sans-titre-36.png\",\"width\":500,\"height\":300,\"caption\":\"Picard Marine\"},\"image\":{\"@id\":\"https:\/\/picardmarine.ca\/#\/schema\/logo\/image\/\"},\"sameAs\":[\"https:\/\/www.facebook.com\/picardmarine1\",\"https:\/\/www.instagram.com\/picardmarinepicard\/\"]}]}<\/script>\n<!-- \/ Yoast SEO plugin. -->","yoast_head_json":{"title":"Princecraft Bateaux pontes Ventura 230 RL 2025 - Picard Marine","description":"Princecraft Bateaux pontes Ventura 230 RL 2025 Longueur hors tout : 7.0 m (23\u2019-1\u201d), Largeur hors tout : 2.6 m (101\u201d), Largeur fond : 2.1 m (83\"), Profondeur maximale : 1.0 m (40\"), Tirant d'eau approximatif : 0.4 (14\"), Tirant d'eau approximatif (avec moteur) : 0.8 m (31\"), Hauteur tableau arri\u00e8re : 0.64 m (25\"), Poids approximatif : 1066 kg (2350 lb), Relev\u00e9 de varangue (degr\u00e9s) : 13","robots":{"index":"index","follow":"follow","max-snippet":"max-snippet:-1","max-image-preview":"max-image-preview:large","max-video-preview":"max-video-preview:-1"},"canonical":"https:\/\/picardmarine.ca\/produit\/princecraft-bateaux-pontes-ventura-230-rl-2025\/","og_locale":"en_US","og_type":"article","og_title":"Princecraft Bateaux pontes Ventura 230 RL 2025 - Picard Marine","og_description":"Princecraft Bateaux pontes Ventura 230 RL 2025 Longueur hors tout : 7.0 m (23\u2019-1\u201d), Largeur hors tout : 2.6 m (101\u201d), Largeur fond : 2.1 m (83\"), Profondeur maximale : 1.0 m (40\"), Tirant d'eau approximatif : 0.4 (14\"), Tirant d'eau approximatif (avec moteur) : 0.8 m (31\"), Hauteur tableau arri\u00e8re : 0.64 m (25\"), Poids approximatif : 1066 kg (2350 lb), Relev\u00e9 de varangue (degr\u00e9s) : 13","og_url":"https:\/\/picardmarine.ca\/produit\/princecraft-bateaux-pontes-ventura-230-rl-2025\/","og_site_name":"Picard Marine","article_publisher":"https:\/\/www.facebook.com\/picardmarine1","twitter_card":"summary_large_image","schema":{"@context":"https:\/\/schema.org","@graph":[{"@type":"WebPage","@id":"https:\/\/picardmarine.ca\/produit\/princecraft-bateaux-pontes-ventura-230-rl-2025\/","url":"https:\/\/picardmarine.ca\/produit\/princecraft-bateaux-pontes-ventura-230-rl-2025\/","name":"Princecraft Bateaux pontes Ventura 230 RL 2025 - Picard Marine","isPartOf":{"@id":"https:\/\/picardmarine.ca\/#website"},"primaryImageOfPage":{"@id":"https:\/\/picardmarine.ca\/produit\/princecraft-bateaux-pontes-ventura-230-rl-2025\/#primaryimage"},"image":{"@id":"https:\/\/picardmarine.ca\/produit\/princecraft-bateaux-pontes-ventura-230-rl-2025\/#primaryimage"},"thumbnailUrl":"https:\/\/picardmarine.ca\/wp-content\/uploads\/2025\/09\/68b02f57321df3.10543489_princecraft-bateaux-pontes-ventura-230-rl2025.jpeg","datePublished":"2025-09-10T19:42:46+00:00","description":"Princecraft Bateaux pontes Ventura 230 RL 2025 Longueur hors tout : 7.0 m (23\u2019-1\u201d), Largeur hors tout : 2.6 m (101\u201d), Largeur fond : 2.1 m (83\"), Profondeur maximale : 1.0 m (40\"), Tirant d'eau approximatif : 0.4 (14\"), Tirant d'eau approximatif (avec moteur) : 0.8 m (31\"), Hauteur tableau arri\u00e8re : 0.64 m (25\"), Poids approximatif : 1066 kg (2350 lb), Relev\u00e9 de varangue (degr\u00e9s) : 13","breadcrumb":{"@id":"https:\/\/picardmarine.ca\/produit\/princecraft-bateaux-pontes-ventura-230-rl-2025\/#breadcrumb"},"inLanguage":"en-US","potentialAction":[{"@type":"ReadAction","target":["https:\/\/picardmarine.ca\/produit\/princecraft-bateaux-pontes-ventura-230-rl-2025\/"]}]},{"@type":"ImageObject","inLanguage":"en-US","@id":"https:\/\/picardmarine.ca\/produit\/princecraft-bateaux-pontes-ventura-230-rl-2025\/#primaryimage","url":"https:\/\/picardmarine.ca\/wp-content\/uploads\/2025\/09\/68b02f57321df3.10543489_princecraft-bateaux-pontes-ventura-230-rl2025.jpeg","contentUrl":"https:\/\/picardmarine.ca\/wp-content\/uploads\/2025\/09\/68b02f57321df3.10543489_princecraft-bateaux-pontes-ventura-230-rl2025.jpeg","width":1216,"height":684},{"@type":"BreadcrumbList","@id":"https:\/\/picardmarine.ca\/produit\/princecraft-bateaux-pontes-ventura-230-rl-2025\/#breadcrumb","itemListElement":[{"@type":"ListItem","position":1,"name":"Home","item":"https:\/\/picardmarine.ca\/"},{"@type":"ListItem","position":2,"name":"Our products","item":"https:\/\/picardmarine.ca\/en\/products\/"},{"@type":"ListItem","position":3,"name":"Princecraft Bateaux pontes Ventura 230 RL 2025"}]},{"@type":"WebSite","@id":"https:\/\/picardmarine.ca\/#website","url":"https:\/\/picardmarine.ca\/","name":"Picard Marine","description":"","publisher":{"@id":"https:\/\/picardmarine.ca\/#organization"},"potentialAction":[{"@type":"SearchAction","target":{"@type":"EntryPoint","urlTemplate":"https:\/\/picardmarine.ca\/?s={search_term_string}"},"query-input":{"@type":"PropertyValueSpecification","valueRequired":true,"valueName":"search_term_string"}}],"inLanguage":"en-US"},{"@type":"Organization","@id":"https:\/\/picardmarine.ca\/#organization","name":"Picard Marine","url":"https:\/\/picardmarine.ca\/","logo":{"@type":"ImageObject","inLanguage":"en-US","@id":"https:\/\/picardmarine.ca\/#\/schema\/logo\/image\/","url":"https:\/\/picardmarine.ca\/wp-content\/uploads\/2024\/09\/Sans-titre-36.png","contentUrl":"https:\/\/picardmarine.ca\/wp-content\/uploads\/2024\/09\/Sans-titre-36.png","width":500,"height":300,"caption":"Picard Marine"},"image":{"@id":"https:\/\/picardmarine.ca\/#\/schema\/logo\/image\/"},"sameAs":["https:\/\/www.facebook.com\/picardmarine1","https:\/\/www.instagram.com\/picardmarinepicard\/"]}]}},"_links":{"self":[{"href":"https:\/\/picardmarine.ca\/en\/wp-json\/wp\/v2\/product\/9812","targetHints":{"allow":["GET"]}}],"collection":[{"href":"https:\/\/picardmarine.ca\/en\/wp-json\/wp\/v2\/product"}],"about":[{"href":"https:\/\/picardmarine.ca\/en\/wp-json\/wp\/v2\/types\/product"}],"wp:featuredmedia":[{"embeddable":true,"href":"https:\/\/picardmarine.ca\/en\/wp-json\/wp\/v2\/media\/9780"}],"wp:attachment":[{"href":"https:\/\/picardmarine.ca\/en\/wp-json\/wp\/v2\/media?parent=9812"}],"wp:term":[{"taxonomy":"product_brand","embeddable":true,"href":"https:\/\/picardmarine.ca\/en\/wp-json\/wp\/v2\/product_brand?post=9812"},{"taxonomy":"product_cat","embeddable":true,"href":"https:\/\/picardmarine.ca\/en\/wp-json\/wp\/v2\/product_cat?post=9812"},{"taxonomy":"product_tag","embeddable":true,"href":"https:\/\/picardmarine.ca\/en\/wp-json\/wp\/v2\/product_tag?post=9812"}],"curies":[{"name":"wp","href":"https:\/\/api.w.org\/{rel}","templated":true}]}}